{"id":13,"date":"2025-11-29T22:15:12","date_gmt":"2025-11-29T22:15:12","guid":{"rendered":"https:\/\/orthopedagogue30-84.fr\/?page_id=13"},"modified":"2026-04-07T10:18:54","modified_gmt":"2026-04-07T10:18:54","slug":"revision-de-brevet","status":"publish","type":"page","link":"https:\/\/orthopedagogue30-84.fr\/?page_id=13","title":{"rendered":"R\u00e9vision du brevet"},"content":{"rendered":"\t\t<div data-elementor-type=\"wp-page\" data-elementor-id=\"13\" class=\"elementor elementor-13\">\n\t\t\t\t<div class=\"elementor-element elementor-element-4d6e6e11 elementor-hidden-mobile e-flex e-con-boxed e-con e-parent\" data-id=\"4d6e6e11\" data-element_type=\"container\" data-e-type=\"container\">\n\t\t\t\t\t<div class=\"e-con-inner\">\n\t\t<div class=\"elementor-element elementor-element-7b29832c e-con-full e-flex e-con e-child\" data-id=\"7b29832c\" data-element_type=\"container\" data-e-type=\"container\">\n\t\t\t\t<div class=\"elementor-element elementor-element-49374b86 elementor-widget elementor-widget-image\" data-id=\"49374b86\" data-element_type=\"widget\" data-e-type=\"widget\" data-widget_type=\"image.default\">\n\t\t\t\t\t\t\t\t\t\t\t\t\t\t\t<img fetchpriority=\"high\" decoding=\"async\" width=\"550\" height=\"97\" src=\"https:\/\/orthopedagogue30-84.fr\/wp-content\/uploads\/2026\/02\/cropped-Logo-Mission-impossible-log-petit-6.png\" class=\"attachment-large size-large wp-image-926\" alt=\"orthopedagogie\" srcset=\"https:\/\/orthopedagogue30-84.fr\/wp-content\/uploads\/2026\/02\/cropped-Logo-Mission-impossible-log-petit-6.png 550w, https:\/\/orthopedagogue30-84.fr\/wp-content\/uploads\/2026\/02\/cropped-Logo-Mission-impossible-log-petit-6-300x53.png 300w\" sizes=\"(max-width: 550px) 100vw, 550px\" \/>\t\t\t\t\t\t\t\t\t\t\t\t\t\t\t<\/div>\n\t\t\t\t<\/div>\n\t\t<div class=\"elementor-element elementor-element-36ca37c0 e-con-full e-flex e-con e-child\" data-id=\"36ca37c0\" data-element_type=\"container\" data-e-type=\"container\">\n\t\t\t\t<div class=\"elementor-element elementor-element-231ad913 elementor-widget elementor-widget-maxmegamenu\" data-id=\"231ad913\" data-element_type=\"widget\" data-e-type=\"widget\" data-widget_type=\"maxmegamenu.default\">\n\t\t\t\t<div class=\"elementor-widget-container\">\n\t\t\t\t\t<div id=\"mega-menu-wrap-wptouch_primary_menu\" class=\"mega-menu-wrap\"><div class=\"mega-menu-toggle\"><div class=\"mega-toggle-blocks-left\"><\/div><div class=\"mega-toggle-blocks-center\"><\/div><div class=\"mega-toggle-blocks-right\"><div class='mega-toggle-block mega-menu-toggle-animated-block mega-toggle-block-0' id='mega-toggle-block-0'><button aria-label=\"Toggle Menu\" class=\"mega-toggle-animated mega-toggle-animated-slider\" type=\"button\" aria-haspopup=\"true\" aria-expanded=\"false\" aria-controls=\"mega-menu-wptouch_primary_menu\">\n                  <span class=\"mega-toggle-animated-box\">\n                    <span class=\"mega-toggle-animated-inner\"><\/span>\n                  <\/span>\n                <\/button><\/div><\/div><\/div><ul id=\"mega-menu-wptouch_primary_menu\" class=\"mega-menu max-mega-menu mega-menu-horizontal mega-no-js\" data-event=\"hover_intent\" data-effect=\"disabled\" data-effect-speed=\"200\" data-effect-mobile=\"slide_right\" data-effect-speed-mobile=\"200\" data-mobile-force-width=\"false\" data-second-click=\"go\" data-document-click=\"collapse\" data-vertical-behaviour=\"standard\" data-breakpoint=\"768\" data-unbind=\"true\" data-mobile-state=\"collapse_all\" data-mobile-direction=\"vertical\" data-hover-intent-timeout=\"300\" data-hover-intent-interval=\"100\"><li class=\"mega-menu-item mega-menu-item-type-custom mega-menu-item-object-custom mega-align-bottom-left mega-menu-flyout mega-menu-item-1472\" id=\"mega-menu-item-1472\"><a class=\"mega-menu-link\" href=\"https:\/\/perfactive.fr\/laure-santoni-mission-possible\/laure-santoni\/book\">Prendre RDV<\/a><\/li><li class=\"mega-menu-item mega-menu-item-type-post_type mega-menu-item-object-page mega-menu-item-home mega-align-bottom-left mega-menu-flyout mega-menu-item-1474\" id=\"mega-menu-item-1474\"><a class=\"mega-menu-link\" href=\"https:\/\/orthopedagogue30-84.fr\/\">Orthop\u00e9dagogie<\/a><\/li><li class=\"mega-menu-item mega-menu-item-type-post_type mega-menu-item-object-page mega-align-bottom-left mega-menu-flyout mega-menu-item-1476\" id=\"mega-menu-item-1476\"><a class=\"mega-menu-link\" href=\"https:\/\/orthopedagogue30-84.fr\/?page_id=11\">Orientation scolaire<\/a><\/li><li class=\"mega-menu-item mega-menu-item-type-post_type mega-menu-item-object-page mega-align-bottom-left mega-menu-flyout mega-menu-item-1475\" id=\"mega-menu-item-1475\"><a class=\"mega-menu-link\" href=\"https:\/\/orthopedagogue30-84.fr\/?page_id=13\">R\u00e9vision du brevet<\/a><\/li><li class=\"mega-menu-item mega-menu-item-type-post_type mega-menu-item-object-page mega-align-bottom-left mega-menu-flyout mega-menu-item-1477\" id=\"mega-menu-item-1477\"><a class=\"mega-menu-link\" href=\"https:\/\/orthopedagogue30-84.fr\/?page_id=7\">Qui suis-je ?<\/a><\/li><li class=\"mega-menu-item mega-menu-item-type-post_type mega-menu-item-object-page mega-align-bottom-left mega-menu-flyout mega-menu-item-1473\" id=\"mega-menu-item-1473\"><a class=\"mega-menu-link\" href=\"https:\/\/orthopedagogue30-84.fr\/?page_id=15\">Contact<\/a><\/li><\/ul><button aria-controls=\"mega-menu-wptouch_primary_menu\" aria-label=\"Close\" class='mega-close'><\/button><\/div>\t\t\t\t<\/div>\n\t\t\t\t<\/div>\n\t\t\t\t<\/div>\n\t\t\t\t\t<\/div>\n\t\t\t\t<\/div>\n\t\t<div class=\"elementor-element elementor-element-11f9ae8 e-grid e-con-boxed e-con e-parent\" data-id=\"11f9ae8\" data-element_type=\"container\" data-e-type=\"container\">\n\t\t\t\t\t<div class=\"e-con-inner\">\n\t\t\t\t<div class=\"elementor-element elementor-element-e8049f4 elementor-widget elementor-widget-spacer\" data-id=\"e8049f4\" data-element_type=\"widget\" data-e-type=\"widget\" data-widget_type=\"spacer.default\">\n\t\t\t\t\t\t\t<div class=\"elementor-spacer\">\n\t\t\t<div class=\"elementor-spacer-inner\"><\/div>\n\t\t<\/div>\n\t\t\t\t\t\t<\/div>\n\t\t\t\t\t<\/div>\n\t\t\t\t<\/div>\n\t\t<div class=\"elementor-element elementor-element-069b73f e-grid e-con-boxed e-con e-parent\" data-id=\"069b73f\" data-element_type=\"container\" data-e-type=\"container\">\n\t\t\t\t\t<div class=\"e-con-inner\">\n\t\t\t\t<div class=\"elementor-element elementor-element-71c430e elementor-widget elementor-widget-heading\" data-id=\"71c430e\" data-element_type=\"widget\" data-e-type=\"widget\" data-widget_type=\"heading.default\">\n\t\t\t\t\t<h2 class=\"elementor-heading-title elementor-size-default\"><br><br><br> \u00ab Croire en soi, c\u2019est d\u00e9j\u00e0 presque r\u00e9ussir. \u00bb<br><\/h2>\t\t\t\t<\/div>\n\t\t\t\t<div class=\"elementor-element elementor-element-7a1e583 elementor-widget elementor-widget-text-editor\" data-id=\"7a1e583\" data-element_type=\"widget\" data-e-type=\"widget\" data-widget_type=\"text-editor.default\">\n\t\t\t\t\t\t\t\t\t<p><strong><em>Victor Hugo<\/em><\/strong><\/p>\t\t\t\t\t\t\t\t<\/div>\n\t\t\t\t\t<\/div>\n\t\t\t\t<\/div>\n\t\t<div class=\"elementor-element elementor-element-4f996f5 e-grid e-con-boxed e-con e-parent\" data-id=\"4f996f5\" data-element_type=\"container\" data-e-type=\"container\">\n\t\t\t\t\t<div class=\"e-con-inner\">\n\t\t\t\t<div class=\"elementor-element elementor-element-e5d1f06 elementor-widget elementor-widget-zigzag\" data-id=\"e5d1f06\" data-element_type=\"widget\" data-e-type=\"widget\" data-settings=\"{&quot;image_shape&quot;:&quot;sharp&quot;}\" data-widget_type=\"zigzag.default\">\n\t\t\t\t<div class=\"elementor-widget-container\">\n\t\t\t\t\t\t\t<div class=\"ehp-zigzag has-direction-start\">\n\t\t\t\t\t\t\t<div class=\"ehp-zigzag__item-wrapper\">\n\t\t\t\t\t<div class=\"ehp-zigzag__item-container\">\n\t\t\t\t\t\t\t\t<div class=\"ehp-zigzag__graphic-element-container has-image\">\n\t\t\t\t\t\t<div class=\"ehp-image ehp-zigzag__image-container\">\n\t\t\t\t<img decoding=\"async\" class=\"ehp-image__img ehp-zigzag__img has-shape-sharp shape-type-image\" src=\"https:\/\/orthopedagogue30-84.fr\/wp-content\/uploads\/2026\/02\/photo-brevet-1.png\" title=\"preparation du brevet\" alt=\"preparation du brevet\" loading=\"lazy\" \/>\t\t\t<\/div>\n\t\t\t\t\t<\/div>\n\t\t\t\t<div class=\"ehp-zigzag__text-container is-graphic-image\">\n\t\t\t<h2 class=\"ehp-zigzag__title\">D\u00e9velopper des outils de m\u00e9morisation efficaces et une m\u00e9thode de travail structur\u00e9e<\/h2><p class=\"ehp-zigzag__description\">\u2022\tComprendre le fonctionnement de son cerveau.<br>\n\u2022\tCr\u00e9er des outils de m\u00e9morisation efficaces.<br>\n\u2022\tOrganiser ses apprentissages.<br>\n\u2022\tGagner en autonomie et en confiance.<br><br>\nL\u2019\u00e9l\u00e8ve acquiert une m\u00e9thode de travail claire pour s\u2019organiser dans ses r\u00e9visions, gagner en efficacit\u00e9 et travailler plus sereinement \u00e0 la maison.\n<\/p>\t\t<\/div>\n\t\t\t\t\t\t\t<\/div>\n\t\t\t\t<\/div>\n\t\t\t\t\t\t\t\t<div class=\"ehp-zigzag__item-wrapper\">\n\t\t\t\t\t<div class=\"ehp-zigzag__item-container\">\n\t\t\t\t\t\t\t\t<div class=\"ehp-zigzag__graphic-element-container has-image\">\n\t\t\t\t\t\t<div class=\"ehp-image ehp-zigzag__image-container ehp-image ehp-zigzag__image-container\">\n\t\t\t\t<img decoding=\"async\" class=\"ehp-image__img ehp-zigzag__img has-shape-sharp shape-type-image\" src=\"https:\/\/orthopedagogue30-84.fr\/wp-content\/uploads\/2026\/02\/page-revision-brevet.png\" title=\"page-revision-brevet\" alt=\"R\u00e9vision de brevet\" loading=\"lazy\" \/>\t\t\t<\/div>\n\t\t\t\t\t<\/div>\n\t\t\t\t<div class=\"ehp-zigzag__text-container is-graphic-image\">\n\t\t\t<h2 class=\"ehp-zigzag__title\">Comprendre les attentes de l\u2019examen et des correcteurs<\/h2><p class=\"ehp-zigzag__description\">\u2022\tSavoir s\u2019organiser en tenant compte du bar\u00e8me.<br>\n\u2022\tApprendre \u00e0 g\u00e9rer son temps.<br>\n\u2022\tComprendre les attentes des correcteurs, les crit\u00e8res d\u2019\u00e9valuation.<br>\n\u2022\tComprendre les consignes.<br>\n\u2022\tApprendre \u00e0 structurer les r\u00e9ponses.<br><br>\nL\u2019\u00e9l\u00e8ve \u00e9vite ainsi les erreurs fr\u00e9quentes et apprend \u00e0 valoriser ses connaissances le jour de l\u2019examen.\n<\/p>\t\t<\/div>\n\t\t\t\t\t\t\t<\/div>\n\t\t\t\t<\/div>\n\t\t\t\t\t\t\t\t<div class=\"ehp-zigzag__item-wrapper\">\n\t\t\t\t\t<div class=\"ehp-zigzag__item-container\">\n\t\t\t\t\t\t\t\t<div class=\"ehp-zigzag__graphic-element-container has-image\">\n\t\t\t\t\t\t<div class=\"ehp-image ehp-zigzag__image-container ehp-image ehp-zigzag__image-container ehp-image ehp-zigzag__image-container\">\n\t\t\t\t<img decoding=\"async\" class=\"ehp-image__img ehp-zigzag__img has-shape-sharp shape-type-image\" src=\"https:\/\/orthopedagogue30-84.fr\/wp-content\/uploads\/2026\/02\/photo-brevet-2.png\" title=\"se pr\u00e9parer au brevet\" alt=\"se pr\u00e9parer au brevet\" loading=\"lazy\" \/>\t\t\t<\/div>\n\t\t\t\t\t<\/div>\n\t\t\t\t<div class=\"ehp-zigzag__text-container is-graphic-image\">\n\t\t\t<h2 class=\"ehp-zigzag__title\">S\u2019entrainer sur des mini-brevets en condition r\u00e9elle avec des retours personnalis\u00e9s<\/h2><p class=\"ehp-zigzag__description\">\u2022\tEntrainement sur des sujets de brevet en condition d\u2019examen.<br>\n\u2022\tCorrection imm\u00e9diate et constructive.<br><br>\nL\u2019\u00e9l\u00e8ve peut ainsi mesurer ses progr\u00e8s, ajuster ses strat\u00e9gies et renforcer la confiance en lui.\n<\/p>\t\t<\/div>\n\t\t\t\t\t\t\t<\/div>\n\t\t\t\t<\/div>\n\t\t\t\t\t\t\t<\/div>\n\t\t\t\t\t\t<\/div>\n\t\t\t\t<\/div>\n\t\t\t\t\t<\/div>\n\t\t\t\t<\/div>\n\t\t<div class=\"elementor-element elementor-element-c5a3db2 e-grid e-con-boxed e-con e-parent\" data-id=\"c5a3db2\" data-element_type=\"container\" data-e-type=\"container\">\n\t\t\t\t\t<div class=\"e-con-inner\">\n\t\t\t\t<div class=\"elementor-element elementor-element-9401334 elementor-view-default elementor-widget elementor-widget-icon\" data-id=\"9401334\" data-element_type=\"widget\" data-e-type=\"widget\" data-widget_type=\"icon.default\">\n\t\t\t\t\t\t\t<div class=\"elementor-icon-wrapper\">\n\t\t\t<div class=\"elementor-icon\">\n\t\t\t<svg aria-hidden=\"true\" class=\"e-font-icon-svg e-far-window-minimize\" viewBox=\"0 0 512 512\" xmlns=\"http:\/\/www.w3.org\/2000\/svg\"><path d=\"M480 480H32c-17.7 0-32-14.3-32-32s14.3-32 32-32h448c17.7 0 32 14.3 32 32s-14.3 32-32 32z\"><\/path><\/svg>\t\t\t<\/div>\n\t\t<\/div>\n\t\t\t\t\t\t<\/div>\n\t\t\t\t<div class=\"elementor-element elementor-element-c032a79 elementor-widget elementor-widget-text-editor\" data-id=\"c032a79\" data-element_type=\"widget\" data-e-type=\"widget\" data-widget_type=\"text-editor.default\">\n\t\t\t\t\t\t\t\t\t<p>Gr\u00e2ce \u00e0 un accompagnement structur\u00e9 et individualis\u00e9, votre enfant progresse \u00e0 la fois sur le plan scolaire et m\u00e9thodologique. Il ne se contente pas de r\u00e9viser pour le brevet : il apprend comment apprendre, gagne en autonomie, en confiance et efficacit\u00e9.<br \/>Les outils et les strat\u00e9gies acquis lui servent non seulement pour r\u00e9ussir le brevet, mais aussi pour aborder la suite de sa scolarit\u00e9 avec plus de s\u00e9r\u00e9nit\u00e9.<\/p>\t\t\t\t\t\t\t\t<\/div>\n\t\t\t\t\t<\/div>\n\t\t\t\t<\/div>\n\t\t<div class=\"elementor-element elementor-element-6355c54 e-grid e-con-boxed e-con e-parent\" data-id=\"6355c54\" data-element_type=\"container\" data-e-type=\"container\">\n\t\t\t\t\t<div class=\"e-con-inner\">\n\t\t\t\t<div class=\"elementor-element elementor-element-99b68dc elementor-widget elementor-widget-spacer\" data-id=\"99b68dc\" data-element_type=\"widget\" data-e-type=\"widget\" data-widget_type=\"spacer.default\">\n\t\t\t\t\t\t\t<div class=\"elementor-spacer\">\n\t\t\t<div class=\"elementor-spacer-inner\"><\/div>\n\t\t<\/div>\n\t\t\t\t\t\t<\/div>\n\t\t\t\t\t<\/div>\n\t\t\t\t<\/div>\n\t\t\t\t<\/div>\n\t\t","protected":false},"excerpt":{"rendered":"<p>Prendre RDV Orthop\u00e9dagogie Orientation scolaire R\u00e9vision du brevet Qui suis-je ? Contact \u00ab Croire en soi, c\u2019est d\u00e9j\u00e0 presque r\u00e9ussir. \u00bb Victor Hugo D\u00e9velopper des outils de m\u00e9morisation efficaces et une m\u00e9thode de travail structur\u00e9e \u2022 Comprendre le fonctionnement de son cerveau. \u2022 Cr\u00e9er des outils de m\u00e9morisation efficaces. \u2022 Organiser ses apprentissages. \u2022 Gagner [&hellip;]<\/p>\n","protected":false},"author":1,"featured_media":839,"parent":0,"menu_order":0,"comment_status":"closed","ping_status":"closed","template":"","meta":{"footnotes":""},"class_list":["post-13","page","type-page","status-publish","has-post-thumbnail","hentry"],"yoast_head":"<!-- This site is optimized with the Yoast SEO plugin v27.3 - https:\/\/yoast.com\/product\/yoast-seo-wordpress\/ -->\n<title>R\u00e9vision du brevet avec des outils de m\u00e9morisation efficaces<\/title>\n<meta name=\"description\" content=\"R\u00e9vision du brevet avec des outils de m\u00e9morisation efficaces. Il s&#039;agit de comprendre le fonctionnement du cerveau. L\u2019\u00e9l\u00e8ve acquiert une m\u00e9thode de travail pour ses r\u00e9visions.\" \/>\n<meta name=\"robots\" content=\"index, follow, max-snippet:-1, max-image-preview:large, max-video-preview:-1\" \/>\n<link rel=\"canonical\" href=\"https:\/\/orthopedagogue30-84.fr\/?page_id=13\" \/>\n<meta property=\"og:locale\" content=\"fr_FR\" \/>\n<meta property=\"og:type\" content=\"article\" \/>\n<meta property=\"og:title\" content=\"R\u00e9vision du brevet avec des outils de m\u00e9morisation efficaces\" \/>\n<meta property=\"og:description\" content=\"R\u00e9vision du brevet avec des outils de m\u00e9morisation efficaces. Il s&#039;agit de comprendre le fonctionnement du cerveau. L\u2019\u00e9l\u00e8ve acquiert une m\u00e9thode de travail pour ses r\u00e9visions.\" \/>\n<meta property=\"og:url\" content=\"https:\/\/orthopedagogue30-84.fr\/?page_id=13\" \/>\n<meta property=\"og:site_name\" content=\"Accompagnement scolaire sur mesure\" \/>\n<meta property=\"article:modified_time\" content=\"2026-04-07T10:18:54+00:00\" \/>\n<meta property=\"og:image\" content=\"https:\/\/orthopedagogue30-84.fr\/wp-content\/uploads\/2026\/02\/photo-brevet-1.png\" \/>\n\t<meta property=\"og:image:width\" content=\"652\" \/>\n\t<meta property=\"og:image:height\" content=\"486\" \/>\n\t<meta property=\"og:image:type\" content=\"image\/png\" \/>\n<meta name=\"twitter:card\" content=\"summary_large_image\" \/>\n<meta name=\"twitter:title\" content=\"R\u00e9vision du brevet avec des outils de m\u00e9morisation efficaces\" \/>\n<meta name=\"twitter:description\" content=\"R\u00e9vision du brevet avec des outils de m\u00e9morisation efficaces. Il s&#039;agit de comprendre le fonctionnement du cerveau. L\u2019\u00e9l\u00e8ve acquiert une m\u00e9thode de travail pour ses r\u00e9visions.\" \/>\n<meta name=\"twitter:image\" content=\"https:\/\/orthopedagogue30-84.fr\/wp-content\/uploads\/2026\/02\/photo-brevet-2.png\" \/>\n<meta name=\"twitter:label1\" content=\"Dur\u00e9e de lecture estim\u00e9e\" \/>\n\t<meta name=\"twitter:data1\" content=\"2 minutes\" \/>\n<script type=\"application\/ld+json\" class=\"yoast-schema-graph\">{\"@context\":\"https:\\\/\\\/schema.org\",\"@graph\":[{\"@type\":\"WebPage\",\"@id\":\"https:\\\/\\\/orthopedagogue30-84.fr\\\/?page_id=13\",\"url\":\"https:\\\/\\\/orthopedagogue30-84.fr\\\/?page_id=13\",\"name\":\"R\u00e9vision du brevet avec des outils de m\u00e9morisation efficaces\",\"isPartOf\":{\"@id\":\"https:\\\/\\\/orthopedagogue30-84.fr\\\/#website\"},\"primaryImageOfPage\":{\"@id\":\"https:\\\/\\\/orthopedagogue30-84.fr\\\/?page_id=13#primaryimage\"},\"image\":{\"@id\":\"https:\\\/\\\/orthopedagogue30-84.fr\\\/?page_id=13#primaryimage\"},\"thumbnailUrl\":\"https:\\\/\\\/orthopedagogue30-84.fr\\\/wp-content\\\/uploads\\\/2026\\\/02\\\/photo-brevet-2.png\",\"datePublished\":\"2025-11-29T22:15:12+00:00\",\"dateModified\":\"2026-04-07T10:18:54+00:00\",\"description\":\"R\u00e9vision du brevet avec des outils de m\u00e9morisation efficaces. Il s'agit de comprendre le fonctionnement du cerveau. L\u2019\u00e9l\u00e8ve acquiert une m\u00e9thode de travail pour ses r\u00e9visions.\",\"breadcrumb\":{\"@id\":\"https:\\\/\\\/orthopedagogue30-84.fr\\\/?page_id=13#breadcrumb\"},\"inLanguage\":\"fr-FR\",\"potentialAction\":[{\"@type\":\"ReadAction\",\"target\":[\"https:\\\/\\\/orthopedagogue30-84.fr\\\/?page_id=13\"]}]},{\"@type\":\"ImageObject\",\"inLanguage\":\"fr-FR\",\"@id\":\"https:\\\/\\\/orthopedagogue30-84.fr\\\/?page_id=13#primaryimage\",\"url\":\"https:\\\/\\\/orthopedagogue30-84.fr\\\/wp-content\\\/uploads\\\/2026\\\/02\\\/photo-brevet-2.png\",\"contentUrl\":\"https:\\\/\\\/orthopedagogue30-84.fr\\\/wp-content\\\/uploads\\\/2026\\\/02\\\/photo-brevet-2.png\",\"width\":652,\"height\":318,\"caption\":\"se pr\u00e9parer au brevet\"},{\"@type\":\"BreadcrumbList\",\"@id\":\"https:\\\/\\\/orthopedagogue30-84.fr\\\/?page_id=13#breadcrumb\",\"itemListElement\":[{\"@type\":\"ListItem\",\"position\":1,\"name\":\"Accueil\",\"item\":\"https:\\\/\\\/orthopedagogue30-84.fr\\\/\"},{\"@type\":\"ListItem\",\"position\":2,\"name\":\"R\u00e9vision du brevet\"}]},{\"@type\":\"WebSite\",\"@id\":\"https:\\\/\\\/orthopedagogue30-84.fr\\\/#website\",\"url\":\"https:\\\/\\\/orthopedagogue30-84.fr\\\/\",\"name\":\"Accompagnement scolaire sur mesure\",\"description\":\"\",\"publisher\":{\"@id\":\"https:\\\/\\\/orthopedagogue30-84.fr\\\/#organization\"},\"potentialAction\":[{\"@type\":\"SearchAction\",\"target\":{\"@type\":\"EntryPoint\",\"urlTemplate\":\"https:\\\/\\\/orthopedagogue30-84.fr\\\/?s={search_term_string}\"},\"query-input\":{\"@type\":\"PropertyValueSpecification\",\"valueRequired\":true,\"valueName\":\"search_term_string\"}}],\"inLanguage\":\"fr-FR\"},{\"@type\":\"Organization\",\"@id\":\"https:\\\/\\\/orthopedagogue30-84.fr\\\/#organization\",\"name\":\"Accompagnement scolaire sur mesure\",\"url\":\"https:\\\/\\\/orthopedagogue30-84.fr\\\/\",\"logo\":{\"@type\":\"ImageObject\",\"inLanguage\":\"fr-FR\",\"@id\":\"https:\\\/\\\/orthopedagogue30-84.fr\\\/#\\\/schema\\\/logo\\\/image\\\/\",\"url\":\"https:\\\/\\\/orthopedagogue30-84.fr\\\/wp-content\\\/uploads\\\/2026\\\/02\\\/cropped-Logo-Mission-impossible-log-petit-6.png\",\"contentUrl\":\"https:\\\/\\\/orthopedagogue30-84.fr\\\/wp-content\\\/uploads\\\/2026\\\/02\\\/cropped-Logo-Mission-impossible-log-petit-6.png\",\"width\":550,\"height\":97,\"caption\":\"Accompagnement scolaire sur mesure\"},\"image\":{\"@id\":\"https:\\\/\\\/orthopedagogue30-84.fr\\\/#\\\/schema\\\/logo\\\/image\\\/\"}}]}<\/script>\n<!-- \/ Yoast SEO plugin. -->","yoast_head_json":{"title":"R\u00e9vision du brevet avec des outils de m\u00e9morisation efficaces","description":"R\u00e9vision du brevet avec des outils de m\u00e9morisation efficaces. Il s'agit de comprendre le fonctionnement du cerveau. L\u2019\u00e9l\u00e8ve acquiert une m\u00e9thode de travail pour ses r\u00e9visions.","robots":{"index":"index","follow":"follow","max-snippet":"max-snippet:-1","max-image-preview":"max-image-preview:large","max-video-preview":"max-video-preview:-1"},"canonical":"https:\/\/orthopedagogue30-84.fr\/?page_id=13","og_locale":"fr_FR","og_type":"article","og_title":"R\u00e9vision du brevet avec des outils de m\u00e9morisation efficaces","og_description":"R\u00e9vision du brevet avec des outils de m\u00e9morisation efficaces. Il s'agit de comprendre le fonctionnement du cerveau. L\u2019\u00e9l\u00e8ve acquiert une m\u00e9thode de travail pour ses r\u00e9visions.","og_url":"https:\/\/orthopedagogue30-84.fr\/?page_id=13","og_site_name":"Accompagnement scolaire sur mesure","article_modified_time":"2026-04-07T10:18:54+00:00","og_image":[{"width":652,"height":486,"url":"https:\/\/orthopedagogue30-84.fr\/wp-content\/uploads\/2026\/02\/photo-brevet-1.png","type":"image\/png"}],"twitter_card":"summary_large_image","twitter_title":"R\u00e9vision du brevet avec des outils de m\u00e9morisation efficaces","twitter_description":"R\u00e9vision du brevet avec des outils de m\u00e9morisation efficaces. Il s'agit de comprendre le fonctionnement du cerveau. L\u2019\u00e9l\u00e8ve acquiert une m\u00e9thode de travail pour ses r\u00e9visions.","twitter_image":"https:\/\/orthopedagogue30-84.fr\/wp-content\/uploads\/2026\/02\/photo-brevet-2.png","twitter_misc":{"Dur\u00e9e de lecture estim\u00e9e":"2 minutes"},"schema":{"@context":"https:\/\/schema.org","@graph":[{"@type":"WebPage","@id":"https:\/\/orthopedagogue30-84.fr\/?page_id=13","url":"https:\/\/orthopedagogue30-84.fr\/?page_id=13","name":"R\u00e9vision du brevet avec des outils de m\u00e9morisation efficaces","isPartOf":{"@id":"https:\/\/orthopedagogue30-84.fr\/#website"},"primaryImageOfPage":{"@id":"https:\/\/orthopedagogue30-84.fr\/?page_id=13#primaryimage"},"image":{"@id":"https:\/\/orthopedagogue30-84.fr\/?page_id=13#primaryimage"},"thumbnailUrl":"https:\/\/orthopedagogue30-84.fr\/wp-content\/uploads\/2026\/02\/photo-brevet-2.png","datePublished":"2025-11-29T22:15:12+00:00","dateModified":"2026-04-07T10:18:54+00:00","description":"R\u00e9vision du brevet avec des outils de m\u00e9morisation efficaces. Il s'agit de comprendre le fonctionnement du cerveau. L\u2019\u00e9l\u00e8ve acquiert une m\u00e9thode de travail pour ses r\u00e9visions.","breadcrumb":{"@id":"https:\/\/orthopedagogue30-84.fr\/?page_id=13#breadcrumb"},"inLanguage":"fr-FR","potentialAction":[{"@type":"ReadAction","target":["https:\/\/orthopedagogue30-84.fr\/?page_id=13"]}]},{"@type":"ImageObject","inLanguage":"fr-FR","@id":"https:\/\/orthopedagogue30-84.fr\/?page_id=13#primaryimage","url":"https:\/\/orthopedagogue30-84.fr\/wp-content\/uploads\/2026\/02\/photo-brevet-2.png","contentUrl":"https:\/\/orthopedagogue30-84.fr\/wp-content\/uploads\/2026\/02\/photo-brevet-2.png","width":652,"height":318,"caption":"se pr\u00e9parer au brevet"},{"@type":"BreadcrumbList","@id":"https:\/\/orthopedagogue30-84.fr\/?page_id=13#breadcrumb","itemListElement":[{"@type":"ListItem","position":1,"name":"Accueil","item":"https:\/\/orthopedagogue30-84.fr\/"},{"@type":"ListItem","position":2,"name":"R\u00e9vision du brevet"}]},{"@type":"WebSite","@id":"https:\/\/orthopedagogue30-84.fr\/#website","url":"https:\/\/orthopedagogue30-84.fr\/","name":"Accompagnement scolaire sur mesure","description":"","publisher":{"@id":"https:\/\/orthopedagogue30-84.fr\/#organization"},"potentialAction":[{"@type":"SearchAction","target":{"@type":"EntryPoint","urlTemplate":"https:\/\/orthopedagogue30-84.fr\/?s={search_term_string}"},"query-input":{"@type":"PropertyValueSpecification","valueRequired":true,"valueName":"search_term_string"}}],"inLanguage":"fr-FR"},{"@type":"Organization","@id":"https:\/\/orthopedagogue30-84.fr\/#organization","name":"Accompagnement scolaire sur mesure","url":"https:\/\/orthopedagogue30-84.fr\/","logo":{"@type":"ImageObject","inLanguage":"fr-FR","@id":"https:\/\/orthopedagogue30-84.fr\/#\/schema\/logo\/image\/","url":"https:\/\/orthopedagogue30-84.fr\/wp-content\/uploads\/2026\/02\/cropped-Logo-Mission-impossible-log-petit-6.png","contentUrl":"https:\/\/orthopedagogue30-84.fr\/wp-content\/uploads\/2026\/02\/cropped-Logo-Mission-impossible-log-petit-6.png","width":550,"height":97,"caption":"Accompagnement scolaire sur mesure"},"image":{"@id":"https:\/\/orthopedagogue30-84.fr\/#\/schema\/logo\/image\/"}}]}},"_links":{"self":[{"href":"https:\/\/orthopedagogue30-84.fr\/index.php?rest_route=\/wp\/v2\/pages\/13","targetHints":{"allow":["GET"]}}],"collection":[{"href":"https:\/\/orthopedagogue30-84.fr\/index.php?rest_route=\/wp\/v2\/pages"}],"about":[{"href":"https:\/\/orthopedagogue30-84.fr\/index.php?rest_route=\/wp\/v2\/types\/page"}],"author":[{"embeddable":true,"href":"https:\/\/orthopedagogue30-84.fr\/index.php?rest_route=\/wp\/v2\/users\/1"}],"replies":[{"embeddable":true,"href":"https:\/\/orthopedagogue30-84.fr\/index.php?rest_route=%2Fwp%2Fv2%2Fcomments&post=13"}],"version-history":[{"count":111,"href":"https:\/\/orthopedagogue30-84.fr\/index.php?rest_route=\/wp\/v2\/pages\/13\/revisions"}],"predecessor-version":[{"id":1581,"href":"https:\/\/orthopedagogue30-84.fr\/index.php?rest_route=\/wp\/v2\/pages\/13\/revisions\/1581"}],"wp:featuredmedia":[{"embeddable":true,"href":"https:\/\/orthopedagogue30-84.fr\/index.php?rest_route=\/wp\/v2\/media\/839"}],"wp:attachment":[{"href":"https:\/\/orthopedagogue30-84.fr\/index.php?rest_route=%2Fwp%2Fv2%2Fmedia&parent=13"}],"curies":[{"name":"wp","href":"https:\/\/api.w.org\/{rel}","templated":true}]}}